{"id":232,"date":"2020-05-09T15:49:03","date_gmt":"2020-05-09T13:49:03","guid":{"rendered":"http:\/\/ivanovx.cluster028.hosting.ovh.net\/?page_id=232"},"modified":"2024-09-02T01:21:26","modified_gmt":"2024-09-01T23:21:26","slug":"honoraires","status":"publish","type":"page","link":"https:\/\/www.ivanova-avocat.com\/index.php\/honoraires\/","title":{"rendered":"HONORAIRES"},"content":{"rendered":"\n<p><\/p>\n\n\n\n<h2 class=\"wp-block-heading\"><strong>Fixation des honoraires<\/strong><\/h2>\n\n\n\n<p><strong>L\u2019article 10 de la loi du 31 d\u00e9cembre 1971 pr\u00e9voit que les honoraires de consultation, d\u2019assistance, de conseil, de r\u00e9daction d\u2019actes juridiques sous seing priv\u00e9, de plaidoirie sont fix\u00e9s librement en accord avec le client.<\/strong><\/p>\n\n\n\n<p><strong>Les honoraires du Cabinet sont d\u00e9termin\u00e9s avec le client avant toute intervention, en fonction de plusieurs crit\u00e8res\u00a0: la nature et la difficult\u00e9 de l\u2019affaire, la situation de fortune du client, le temps consacr\u00e9 \u00e0 l\u2019affaire, le travail de recherche, l\u2019importance des int\u00e9r\u00eats en cause, des frais expos\u00e9s par l&rsquo;avocat, de sa notori\u00e9t\u00e9 et des diligences de celui-ci.<\/strong><\/p>\n\n\n\n<p><strong>En application de ces crit\u00e8res, le montant des honoraires est adapt\u00e9 aux interventions n\u00e9cessaires.<\/strong><\/p>\n\n\n\n<p><strong>Les missions et la facturation des prestations du Cabinet sont encadr\u00e9es par une convention d\u2019honoraires.<\/strong><\/p>\n\n\n\n<p><strong>G\u00e9n\u00e9ralement, les honoraires du Cabinet sont fix\u00e9s de 3 mani\u00e8res :<\/strong><\/p>\n\n\n\n<ul class=\"wp-block-list\">\n<li><strong>un honoraire forfaitaire<\/strong><\/li>\n\n\n\n<li><strong>un honoraire au temps pass\u00e9<\/strong><\/li>\n\n\n\n<li><strong>un honoraire compl\u00e9mentaire de r\u00e9sultat\u00a0pr\u00e9vu dans la convention d\u2019honoraires en fonction du r\u00e9sultat obtenu.<\/strong><\/li>\n<\/ul>\n\n\n\n<p><\/p>\n","protected":false},"excerpt":{"rendered":"<p>Fixation des honoraires L\u2019article 10 de la loi du 31 d\u00e9cembre 1971 pr\u00e9voit que les honoraires de consultation, d\u2019assistance, de [&hellip;]<\/p>\n","protected":false},"author":1,"featured_media":0,"parent":0,"menu_order":0,"comment_status":"closed","ping_status":"closed","template":"","meta":{"footnotes":""},"class_list":["post-232","page","type-page","status-publish","hentry"],"_links":{"self":[{"href":"https:\/\/www.ivanova-avocat.com\/index.php\/wp-json\/wp\/v2\/pages\/232","targetHints":{"allow":["GET"]}}],"collection":[{"href":"https:\/\/www.ivanova-avocat.com\/index.php\/wp-json\/wp\/v2\/pages"}],"about":[{"href":"https:\/\/www.ivanova-avocat.com\/index.php\/wp-json\/wp\/v2\/types\/page"}],"author":[{"embeddable":true,"href":"https:\/\/www.ivanova-avocat.com\/index.php\/wp-json\/wp\/v2\/users\/1"}],"replies":[{"embeddable":true,"href":"https:\/\/www.ivanova-avocat.com\/index.php\/wp-json\/wp\/v2\/comments?post=232"}],"version-history":[{"count":14,"href":"https:\/\/www.ivanova-avocat.com\/index.php\/wp-json\/wp\/v2\/pages\/232\/revisions"}],"predecessor-version":[{"id":650,"href":"https:\/\/www.ivanova-avocat.com\/index.php\/wp-json\/wp\/v2\/pages\/232\/revisions\/650"}],"wp:attachment":[{"href":"https:\/\/www.ivanova-avocat.com\/index.php\/wp-json\/wp\/v2\/media?parent=232"}],"curies":[{"name":"wp","href":"https:\/\/api.w.org\/{rel}","templated":true}]}}